{"id":1442,"date":"2023-12-21T17:12:19","date_gmt":"2023-12-21T17:12:19","guid":{"rendered":"https:\/\/pr-2.pl\/?page_id=1442"},"modified":"2024-05-24T10:07:31","modified_gmt":"2024-05-24T10:07:31","slug":"o-nas","status":"publish","type":"page","link":"https:\/\/pr-2.pl\/?page_id=1442","title":{"rendered":"O nas"},"content":{"rendered":"\t\t<div data-elementor-type=\"wp-page\" data-elementor-id=\"1442\" class=\"elementor elementor-1442\">\n\t\t\t\t<div class=\"elementor-element elementor-element-2b865a83 e-con-full e-flex e-con e-parent\" data-id=\"2b865a83\" data-element_type=\"container\" data-e-type=\"container\" data-settings=\"{&quot;background_background&quot;:&quot;slideshow&quot;,&quot;background_slideshow_transition_duration&quot;:1000,&quot;background_slideshow_gallery&quot;:[{&quot;id&quot;:2105,&quot;url&quot;:&quot;https:\\\/\\\/pr-2.pl\\\/wp-content\\\/uploads\\\/2024\\\/05\\\/20221017_085653-scaled.jpg&quot;},{&quot;id&quot;:1368,&quot;url&quot;:&quot;https:\\\/\\\/pr-2.pl\\\/wp-content\\\/uploads\\\/2023\\\/12\\\/cropped-03_bg3.jpg&quot;},{&quot;id&quot;:2101,&quot;url&quot;:&quot;https:\\\/\\\/pr-2.pl\\\/wp-content\\\/uploads\\\/2024\\\/05\\\/DJI_0950-scaled.jpg&quot;},{&quot;id&quot;:2106,&quot;url&quot;:&quot;https:\\\/\\\/pr-2.pl\\\/wp-content\\\/uploads\\\/2024\\\/05\\\/DJI_0673-scaled.jpg&quot;},{&quot;id&quot;:2107,&quot;url&quot;:&quot;https:\\\/\\\/pr-2.pl\\\/wp-content\\\/uploads\\\/2024\\\/05\\\/DJI_0138-scaled.jpg&quot;}],&quot;background_slideshow_slide_duration&quot;:3000,&quot;background_slideshow_loop&quot;:&quot;yes&quot;,&quot;background_slideshow_slide_transition&quot;:&quot;fade&quot;}\">\n\t\t<div class=\"elementor-element elementor-element-d1087cc e-con-full e-flex e-con e-child\" data-id=\"d1087cc\" data-element_type=\"container\" data-e-type=\"container\" data-settings=\"{&quot;background_background&quot;:&quot;classic&quot;}\">\n\t\t\t\t<div class=\"elementor-element elementor-element-446aae9 elementor-widget elementor-widget-heading\" data-id=\"446aae9\" data-element_type=\"widget\" data-e-type=\"widget\" data-widget_type=\"heading.default\">\n\t\t\t\t<div class=\"elementor-widget-container\">\n\t\t\t\t\t<h2 class=\"elementor-heading-title elementor-size-default\">O Nas<\/h2>\t\t\t\t<\/div>\n\t\t\t\t<\/div>\n\t\t\t\t<div class=\"elementor-element elementor-element-fb44df8 elementor-widget__width-auto elementor-widget elementor-widget-text-editor\" data-id=\"fb44df8\" data-element_type=\"widget\" data-e-type=\"widget\" data-widget_type=\"text-editor.default\">\n\t\t\t\t<div class=\"elementor-widget-container\">\n\t\t\t\t\t\t\t\t\tFirm\u0119 tworzy zesp\u00f3\u0142 in\u017cynier\u00f3w posiadaj\u0105cych do\u015bwiadczenie zdobyte wieloletni\u0105 praktyk\u0105 zawodow\u0105 i\u00a0potwierdzone egzaminami z przygotowani zawodowego. Naszym atutem jest wci\u0105\u017c m\u0142odo\u015b\u0107 i ju\u017c do\u015bwiadczenie, otwarto\u015b\u0107 na nowe technologie i nieustanne d\u0105\u017cenie do poznawania tego co nas otacza.\n\nFirma powsta\u0142a w 2000 roku, ma w swoim dorobku realizacje i nadzory wielu obiekt\u00f3w, nie wykluczaj\u0105c tych powszechnie znanych (np. biblioteka Zak\u0142adu Ossoli\u0144skich, Muzeum Narodowe we Wroc\u0142awiu, czy teatr muzyczny Capitol) ale nie tylko znanymi obiektami jeste\u015bmy otoczeni. Lista tych znanych i mniej znanych znajduje si\u0119 w zak\u0142adce referencje.\nNasz potencja\u0142 wynika z rzetelnego podej\u015bcia do stawianych nam zada\u0144. Ka\u017cdy obiekt traktowany jest indywidualnie, w tym co robimy nie ma cienia rutyny, a nasze dzia\u0142ania wynikaj\u0105 z wiedzy i\u00a0do\u015bwiadczenia.\t\t\t\t\t\t\t\t<\/div>\n\t\t\t\t<\/div>\n\t\t\t\t<\/div>\n\t\t\t\t<\/div>\n\t\t\t\t<\/div>\n\t\t","protected":false},"excerpt":{"rendered":"<p>O Nas Firm\u0119 tworzy zesp\u00f3\u0142 in\u017cynier\u00f3w posiadaj\u0105cych do\u015bwiadczenie zdobyte wieloletni\u0105 praktyk\u0105 zawodow\u0105 i\u00a0potwierdzone egzaminami z przygotowani zawodowego. Naszym atutem jest wci\u0105\u017c m\u0142odo\u015b\u0107 i ju\u017c do\u015bwiadczenie, otwarto\u015b\u0107 na nowe technologie i nieustanne d\u0105\u017cenie do poznawania tego co nas otacza. Firma powsta\u0142a w 2000 roku, ma w swoim dorobku realizacje i nadzory wielu obiekt\u00f3w, nie wykluczaj\u0105c tych [&hellip;]<\/p>\n","protected":false},"author":1,"featured_media":0,"parent":0,"menu_order":0,"comment_status":"open","ping_status":"closed","template":"","meta":{"footnotes":""},"class_list":["post-1442","page","type-page","status-publish","hentry"],"_links":{"self":[{"href":"https:\/\/pr-2.pl\/index.php?rest_route=\/wp\/v2\/pages\/1442","targetHints":{"allow":["GET"]}}],"collection":[{"href":"https:\/\/pr-2.pl\/index.php?rest_route=\/wp\/v2\/pages"}],"about":[{"href":"https:\/\/pr-2.pl\/index.php?rest_route=\/wp\/v2\/types\/page"}],"author":[{"embeddable":true,"href":"https:\/\/pr-2.pl\/index.php?rest_route=\/wp\/v2\/users\/1"}],"replies":[{"embeddable":true,"href":"https:\/\/pr-2.pl\/index.php?rest_route=%2Fwp%2Fv2%2Fcomments&post=1442"}],"version-history":[{"count":54,"href":"https:\/\/pr-2.pl\/index.php?rest_route=\/wp\/v2\/pages\/1442\/revisions"}],"predecessor-version":[{"id":2117,"href":"https:\/\/pr-2.pl\/index.php?rest_route=\/wp\/v2\/pages\/1442\/revisions\/2117"}],"wp:attachment":[{"href":"https:\/\/pr-2.pl\/index.php?rest_route=%2Fwp%2Fv2%2Fmedia&parent=1442"}],"curies":[{"name":"wp","href":"https:\/\/api.w.org\/{rel}","templated":true}]}}