{"id":1527,"date":"2023-12-21T17:38:23","date_gmt":"2023-12-21T17:38:23","guid":{"rendered":"https:\/\/pr-2.pl\/?page_id=1527"},"modified":"2024-05-24T10:07:57","modified_gmt":"2024-05-24T10:07:57","slug":"oferta-2","status":"publish","type":"page","link":"https:\/\/pr-2.pl\/?page_id=1527","title":{"rendered":"Oferta"},"content":{"rendered":"\t\t<div data-elementor-type=\"wp-page\" data-elementor-id=\"1527\" class=\"elementor elementor-1527\">\n\t\t\t\t<div class=\"elementor-element elementor-element-2b865a83 e-con-full e-flex e-con e-parent\" data-id=\"2b865a83\" data-element_type=\"container\" data-e-type=\"container\" data-settings=\"{&quot;background_background&quot;:&quot;slideshow&quot;,&quot;background_slideshow_transition_duration&quot;:1000,&quot;background_slideshow_gallery&quot;:[{&quot;id&quot;:2105,&quot;url&quot;:&quot;https:\\\/\\\/pr-2.pl\\\/wp-content\\\/uploads\\\/2024\\\/05\\\/20221017_085653-scaled.jpg&quot;},{&quot;id&quot;:1368,&quot;url&quot;:&quot;https:\\\/\\\/pr-2.pl\\\/wp-content\\\/uploads\\\/2023\\\/12\\\/cropped-03_bg3.jpg&quot;},{&quot;id&quot;:2101,&quot;url&quot;:&quot;https:\\\/\\\/pr-2.pl\\\/wp-content\\\/uploads\\\/2024\\\/05\\\/DJI_0950-scaled.jpg&quot;},{&quot;id&quot;:2106,&quot;url&quot;:&quot;https:\\\/\\\/pr-2.pl\\\/wp-content\\\/uploads\\\/2024\\\/05\\\/DJI_0673-scaled.jpg&quot;},{&quot;id&quot;:2107,&quot;url&quot;:&quot;https:\\\/\\\/pr-2.pl\\\/wp-content\\\/uploads\\\/2024\\\/05\\\/DJI_0138-scaled.jpg&quot;}],&quot;background_slideshow_slide_duration&quot;:3000,&quot;background_slideshow_loop&quot;:&quot;yes&quot;,&quot;background_slideshow_slide_transition&quot;:&quot;fade&quot;}\">\n\t\t<div class=\"elementor-element elementor-element-d1087cc e-con-full e-flex e-con e-child\" data-id=\"d1087cc\" data-element_type=\"container\" data-e-type=\"container\" data-settings=\"{&quot;background_background&quot;:&quot;classic&quot;}\">\n\t\t\t\t<div class=\"elementor-element elementor-element-446aae9 elementor-widget elementor-widget-heading\" data-id=\"446aae9\" data-element_type=\"widget\" data-e-type=\"widget\" data-widget_type=\"heading.default\">\n\t\t\t\t<div class=\"elementor-widget-container\">\n\t\t\t\t\t<h2 class=\"elementor-heading-title elementor-size-default\">Oferta<\/h2>\t\t\t\t<\/div>\n\t\t\t\t<\/div>\n\t\t\t\t<div class=\"elementor-element elementor-element-fb44df8 elementor-widget__width-auto elementor-widget elementor-widget-text-editor\" data-id=\"fb44df8\" data-element_type=\"widget\" data-e-type=\"widget\" data-widget_type=\"text-editor.default\">\n\t\t\t\t<div class=\"elementor-widget-container\">\n\t\t\t\t\t\t\t\t\t<p><strong>Biuro In\u017cynierskie Budownictwa PR-2 oferuje aktywny udzia\u0142:<\/strong><\/p><ul><li>Jako Inspektor nadzoru<br \/>w\u00a0planowaniu i realizacji, inwestycji<br \/>reprezentowaniu Inwestora przed administracj\u0105<br \/>uzyskanie pozwolenia na budow\u0119<\/li><li>Doradztwo przy wyborze Generalnego Wykonawcy<br \/>sprawdzenie projektu pod katem koordynacji mi\u0119dzybran\u017cowej<br \/>pe\u0142nieniu funkcji inspektora nadzoru<br \/>rozliczeniu w trakcie oraz po zrealizowaniu zadania<\/li><li>pomoc w uzyskaniu pozwolenia na u\u017cytkowanie<\/li><\/ul><p>\u00a0<\/p><p>Biuro In\u017cynierskie Budownictwa PR-2 Pokitko Rafa\u0142 oferuje wykonanie okresowego przegl\u0105du budowlanego. Nasza praca polega przede wszystkim na sprawdzeniu stanu technicznego w obiekcie tych element\u00f3w, kt\u00f3re odpowiadaj\u0105 za bezpieczne u\u017cytkowanie obiektu.<\/p><p><strong>Zakres kontroli stanu technicznego obejmuje:<\/strong><\/p><ul><li>Elementy budynk\u00f3w, budowli i instalacji nara\u017conych na szkodliwe wp\u0142ywy atmosferyczne i niszcz\u0105ce dzia\u0142ania czynnik\u00f3w wyst\u0119puj\u0105cych podczas u\u017cytkowania obiektu, instalacje i urz\u0105dzenia s\u0142u\u017c\u0105ce ochronie \u015brodowiska,<br \/>instalacje gazowe oraz przewody kominowe.<\/li><li>Dodatkowo w trakcie kontroli zwracamy uwag\u0119 na wszelkie inne uszkodzenia i usterki pojawiaj\u0105ce si\u0119 w trakcie eksploatacji obiektu, kt\u00f3re maj\u0105 wp\u0142yw na trwa\u0142o\u015b\u0107 obiektu.<\/li><\/ul>\t\t\t\t\t\t\t\t<\/div>\n\t\t\t\t<\/div>\n\t\t\t\t<\/div>\n\t\t\t\t<\/div>\n\t\t\t\t<\/div>\n\t\t","protected":false},"excerpt":{"rendered":"<p>Oferta Biuro In\u017cynierskie Budownictwa PR-2 oferuje aktywny udzia\u0142: Jako Inspektor nadzoruw\u00a0planowaniu i realizacji, inwestycjireprezentowaniu Inwestora przed administracj\u0105uzyskanie pozwolenia na budow\u0119 Doradztwo przy wyborze Generalnego Wykonawcysprawdzenie projektu pod katem koordynacji mi\u0119dzybran\u017cowejpe\u0142nieniu funkcji inspektora nadzorurozliczeniu w trakcie oraz po zrealizowaniu zadania pomoc w uzyskaniu pozwolenia na u\u017cytkowanie \u00a0 Biuro In\u017cynierskie Budownictwa PR-2 Pokitko Rafa\u0142 oferuje wykonanie okresowego [&hellip;]<\/p>\n","protected":false},"author":1,"featured_media":0,"parent":0,"menu_order":0,"comment_status":"open","ping_status":"closed","template":"","meta":{"footnotes":""},"class_list":["post-1527","page","type-page","status-publish","hentry"],"_links":{"self":[{"href":"https:\/\/pr-2.pl\/index.php?rest_route=\/wp\/v2\/pages\/1527","targetHints":{"allow":["GET"]}}],"collection":[{"href":"https:\/\/pr-2.pl\/index.php?rest_route=\/wp\/v2\/pages"}],"about":[{"href":"https:\/\/pr-2.pl\/index.php?rest_route=\/wp\/v2\/types\/page"}],"author":[{"embeddable":true,"href":"https:\/\/pr-2.pl\/index.php?rest_route=\/wp\/v2\/users\/1"}],"replies":[{"embeddable":true,"href":"https:\/\/pr-2.pl\/index.php?rest_route=%2Fwp%2Fv2%2Fcomments&post=1527"}],"version-history":[{"count":28,"href":"https:\/\/pr-2.pl\/index.php?rest_route=\/wp\/v2\/pages\/1527\/revisions"}],"predecessor-version":[{"id":2123,"href":"https:\/\/pr-2.pl\/index.php?rest_route=\/wp\/v2\/pages\/1527\/revisions\/2123"}],"wp:attachment":[{"href":"https:\/\/pr-2.pl\/index.php?rest_route=%2Fwp%2Fv2%2Fmedia&parent=1527"}],"curies":[{"name":"wp","href":"https:\/\/api.w.org\/{rel}","templated":true}]}}